{"id":9324,"date":"2025-02-14T16:16:43","date_gmt":"2025-02-14T16:16:43","guid":{"rendered":"https:\/\/www.belaj-doo.com\/zarjenje\/"},"modified":"2025-06-09T10:26:44","modified_gmt":"2025-06-09T10:26:44","slug":"gluehen","status":"publish","type":"page","link":"https:\/\/www.belaj-doo.com\/de\/gluehen\/","title":{"rendered":"Gl\u00fchen"},"content":{"rendered":"\t\t<div data-elementor-type=\"wp-page\" data-elementor-id=\"9324\" class=\"elementor elementor-9324 elementor-8534\">\n\t\t\t\t<div class=\"elementor-element elementor-element-212b9ce e-flex e-con-boxed parallax_section_no qode_elementor_container_no e-con e-parent\" data-id=\"212b9ce\" data-element_type=\"container\" data-settings=\"{&quot;background_background&quot;:&quot;classic&quot;}\">\n\t\t\t\t\t<div class=\"e-con-inner\">\n\t\t\t\t<div class=\"elementor-element elementor-element-4ba6c30 elementor-widget elementor-widget-text-editor\" data-id=\"4ba6c30\" data-element_type=\"widget\" data-widget_type=\"text-editor.default\">\n\t\t\t\t<div class=\"elementor-widget-container\">\n\t\t\t\t\t\t\t\t\t<h1><span style=\"color: #ffffff;\"><strong>\tGl\u00fchen<\/strong><\/span><\/h1>\t\t\t\t\t\t\t\t<\/div>\n\t\t\t\t<\/div>\n\t\t\t\t\t<\/div>\n\t\t\t\t<\/div>\n\t\t<div class=\"elementor-element elementor-element-48aa4a0 e-flex e-con-boxed parallax_section_no qode_elementor_container_no e-con e-parent\" data-id=\"48aa4a0\" data-element_type=\"container\">\n\t\t\t\t\t<div class=\"e-con-inner\">\n\t\t<div class=\"elementor-element elementor-element-8d5cdcb e-con-full e-flex parallax_section_no qode_elementor_container_no e-con e-child\" data-id=\"8d5cdcb\" data-element_type=\"container\" data-settings=\"{&quot;background_background&quot;:&quot;classic&quot;}\">\n\t\t<div class=\"elementor-element elementor-element-17eeeba e-con-full qode_elementor_container_inner e-flex parallax_section_no e-con e-child\" data-id=\"17eeeba\" data-element_type=\"container\">\n\t\t<div class=\"elementor-element elementor-element-009b813 e-flex e-con-boxed parallax_section_no qode_elementor_container_no e-con e-child\" data-id=\"009b813\" data-element_type=\"container\">\n\t\t\t\t\t<div class=\"e-con-inner\">\n\t\t\t\t\t<\/div>\n\t\t\t\t<\/div>\n\t\t<div class=\"elementor-element elementor-element-90a03f0 e-flex e-con-boxed parallax_section_no qode_elementor_container_no e-con e-child\" data-id=\"90a03f0\" data-element_type=\"container\" data-settings=\"{&quot;background_background&quot;:&quot;classic&quot;}\">\n\t\t\t\t\t<div class=\"e-con-inner\">\n\t\t\t\t<div class=\"elementor-element elementor-element-89bc143 elementor-widget elementor-widget-text-editor\" data-id=\"89bc143\" data-element_type=\"widget\" data-widget_type=\"text-editor.default\">\n\t\t\t\t<div class=\"elementor-widget-container\">\n\t\t\t\t\t\t\t\t\t<h2><span style=\"color: #ffffff;\"><strong>Was ist Gl\u00fchen? <\/strong><\/span><\/h2>\t\t\t\t\t\t\t\t<\/div>\n\t\t\t\t<\/div>\n\t\t\t\t<div class=\"elementor-element elementor-element-834bfd3 elementor-widget__width-initial elementor-widget elementor-widget-heading\" data-id=\"834bfd3\" data-element_type=\"widget\" data-widget_type=\"heading.default\">\n\t\t\t\t<div class=\"elementor-widget-container\">\n\t\t\t\t\t<p class=\"elementor-heading-title elementor-size-default\">Gl\u00fchen ist ein thermischer Prozess, der die mechanischen Eigenschaften von Metallen verbessert, innere Spannungen reduziert und die Duktilit\u00e4t des Materials erh\u00f6ht. Der Vorgang umfasst das Erhitzen des Metalls auf eine definierte Temperatur, das Halten auf dieser Temperatur sowie ein kontrolliertes Abk\u00fchlen.\n\nZiel des Gl\u00fchens ist es, die Mikrostruktur des Materials zu optimieren, um eine bessere Bearbeitbarkeit, erh\u00f6hte Festigkeit und geringere Spannungen zu erreichen, die beispielsweise durch mechanische Bearbeitung oder Schwei\u00dfen entstanden sind.\n\nDer Prozess wird pr\u00e4zise an die jeweilige Materialart und das gew\u00fcnschte Ergebnis angepasst, um optimale mechanische und physikalische Eigenschaften zu erzielen. Wir verwenden einen modernen Ofen mit pr\u00e4ziser Temperatur- und Zeitsteuerung.<\/p>\t\t\t\t<\/div>\n\t\t\t\t<\/div>\n\t\t\t\t\t<\/div>\n\t\t\t\t<\/div>\n\t\t\t\t<\/div>\n\t\t\t\t<\/div>\n\t\t\t\t\t<\/div>\n\t\t\t\t<\/div>\n\t\t<div class=\"elementor-element elementor-element-8c68c64 e-con-full qode_elementor_container_inner e-flex parallax_section_no e-con e-parent\" data-id=\"8c68c64\" data-element_type=\"container\" data-settings=\"{&quot;background_background&quot;:&quot;classic&quot;}\">\n\t\t<div class=\"elementor-element elementor-element-3ee54d3 e-con-full e-flex parallax_section_no qode_elementor_container_no e-con e-child\" data-id=\"3ee54d3\" data-element_type=\"container\">\n\t\t\t\t<div class=\"elementor-element elementor-element-e024c0a elementor-widget elementor-widget-bridge_image_gallery\" data-id=\"e024c0a\" data-element_type=\"widget\" data-widget_type=\"bridge_image_gallery.default\">\n\t\t\t\t<div class=\"elementor-widget-container\">\n\t\t\t\t\t<div class=\"qode-image-gallery\"><div class=\"qode-image-gallery-inner\"><div class=\"qode-image-gallery-slides drag_enabled wpb_image_grid\" data-interval=\"\"data-control=&quot;false&quot;data-direction=&quot;false&quot;data-pause-on-hover=&quot;false&quot;data-drag=&quot;true&quot;><div class=\"gallery_holder\"><ul class=\"gallery_inner   v0\"><li class=\"no_grayscale\"><img decoding=\"async\" src=\"https:\/\/www.belaj-doo.com\/wp-content\/uploads\/2025\/01\/annealing-metal-01-e1737132609632.jpeg\" \/><\/li><\/ul><\/div><\/div><\/div><\/div>\t\t\t\t<\/div>\n\t\t\t\t<\/div>\n\t\t\t\t<\/div>\n\t\t<div class=\"elementor-element elementor-element-79aa3f4 e-con-full e-flex parallax_section_no qode_elementor_container_no e-con e-child\" data-id=\"79aa3f4\" data-element_type=\"container\" data-settings=\"{&quot;background_background&quot;:&quot;classic&quot;}\">\n\t\t\t\t<div class=\"elementor-element elementor-element-2fb7b76 elementor-widget elementor-widget-bridge_accordion\" data-id=\"2fb7b76\" data-element_type=\"widget\" data-widget_type=\"bridge_accordion.default\">\n\t\t\t\t<div class=\"elementor-widget-container\">\n\t\t\t\t\t\n        <div class=\"qode-accordion-holder clearfix qode-accordion qode-initial \">\n            <h3 class=\"clearfix qode-title-holder\">\n<span class=\"qode-tab-title\">\n\t\t\t<span class=\"qode-tab-title-icon\">\n\t\t\t\t\t<\/span>\n\t    <span class=\"qode-tab-title-inner\">\n        Kje se uporaWo wird Gl\u00fchen eingesetzt?blja \u017earjenje?     <\/span>\n<\/span>\n<span class=\"qode-accordion-mark\">\n    <span class=\"qode-accordion-mark-icon\">\n        <span class=\"icon_plus\"><\/span>\n        <span class=\"icon_minus-06\"><\/span>\n    <\/span>\n<\/span>\n<\/h3>\n<div  class=\"qode-accordion-content \" style=\"background-image: url(); padding: 0 100px 31px 50px\">\n    <div class=\"qode-accordion-content-inner\">\n        <p data-start=\"32\" data-end=\"57\">Gl\u00fchen wird verwendet in:<\/p><ul><li data-start=\"61\" data-end=\"129\"><strong data-start=\"61\" data-end=\"77\">Maschinenbau<\/strong> \u2013 zur Verbesserung der Umformbarkeit von Metallen<\/li><li data-start=\"61\" data-end=\"129\"><strong data-start=\"132\" data-end=\"154\">Automobilindustrie<\/strong> \u2013 zur Reduzierung der Spr\u00f6digkeit von Stahlteilen<\/li><li data-start=\"61\" data-end=\"129\"><strong data-start=\"209\" data-end=\"224\">Werkzeugbau<\/strong> \u2013 zur Verbesserung der Homogenit\u00e4t des Materials<\/li><\/ul>    <\/div>\n<\/div><h3 class=\"clearfix qode-title-holder\">\n<span class=\"qode-tab-title\">\n\t\t\t<span class=\"qode-tab-title-icon\">\n\t\t\t\t\t<\/span>\n\t    <span class=\"qode-tab-title-inner\">\n        Arten des Gl\u00fchens    <\/span>\n<\/span>\n<span class=\"qode-accordion-mark\">\n    <span class=\"qode-accordion-mark-icon\">\n        <span class=\"icon_plus\"><\/span>\n        <span class=\"icon_minus-06\"><\/span>\n    <\/span>\n<\/span>\n<\/h3>\n<div  class=\"qode-accordion-content \" style=\"background-image: url(); padding: 0 100px 31px 50px\">\n    <div class=\"qode-accordion-content-inner\">\n        <ul><li data-start=\"25\" data-end=\"87\"><strong data-start=\"25\" data-end=\"40\">Weichgl\u00fchen<\/strong> \u2013 verbessert die Umformbarkeit des Materials<\/li><li data-start=\"25\" data-end=\"87\"><strong data-start=\"90\" data-end=\"106\">Normalgl\u00fchen<\/strong> \u2013 erh\u00f6ht die Homogenit\u00e4t der Gef\u00fcgestruktur<\/li><li data-start=\"25\" data-end=\"87\"><strong data-start=\"155\" data-end=\"183\">Rekristallisationsgl\u00fchen<\/strong> \u2013 beseitigt Kaltverfestigungen und stellt die urspr\u00fcngliche Gef\u00fcgestruktur wieder her<\/li><li data-start=\"25\" data-end=\"87\"><strong data-start=\"274\" data-end=\"296\">Spannungsarmgl\u00fchen<\/strong> \u2013 reduziert innere Spannungen nach dem Schwei\u00dfen<\/li><\/ul>    <\/div>\n<\/div><h3 class=\"clearfix qode-title-holder\">\n<span class=\"qode-tab-title\">\n\t\t\t<span class=\"qode-tab-title-icon\">\n\t\t\t\t\t<\/span>\n\t    <span class=\"qode-tab-title-inner\">\n        Ma\u00dfe des Tiefofens    <\/span>\n<\/span>\n<span class=\"qode-accordion-mark\">\n    <span class=\"qode-accordion-mark-icon\">\n        <span class=\"icon_plus\"><\/span>\n        <span class=\"icon_minus-06\"><\/span>\n    <\/span>\n<\/span>\n<\/h3>\n<div  class=\"qode-accordion-content \" style=\"background-image: url(); padding: 0 100px 31px 50px\">\n    <div class=\"qode-accordion-content-inner\">\n        <p>Durchmesser: 590 mm<br data-start=\"44\" data-end=\"47\" \/>Tiefe: 1000 mm<\/p>    <\/div>\n<\/div>        <\/div>\n\n        \t\t\t\t<\/div>\n\t\t\t\t<\/div>\n\t\t\t\t<\/div>\n\t\t\t\t<\/div>\n\t\t<div class=\"elementor-element elementor-element-a7cd885 e-flex e-con-boxed parallax_section_no qode_elementor_container_no e-con e-parent\" data-id=\"a7cd885\" data-element_type=\"container\" data-settings=\"{&quot;background_background&quot;:&quot;classic&quot;}\">\n\t\t\t\t\t<div class=\"e-con-inner\">\n\t\t\t\t<div class=\"elementor-element elementor-element-43e17e8 elementor-widget elementor-widget-text-editor\" data-id=\"43e17e8\" data-element_type=\"widget\" data-widget_type=\"text-editor.default\">\n\t\t\t\t<div class=\"elementor-widget-container\">\n\t\t\t\t\t\t\t\t\t<h2><span style=\"color: #ffffff;\">Kontaktieren Sie uns!<\/span><\/h2>\t\t\t\t\t\t\t\t<\/div>\n\t\t\t\t<\/div>\n\t\t\t\t<div class=\"elementor-element elementor-element-7bcc913 elementor-widget elementor-widget-bridge_button_v2\" data-id=\"7bcc913\" data-element_type=\"widget\" data-widget_type=\"bridge_button_v2.default\">\n\t\t\t\t<div class=\"elementor-widget-container\">\n\t\t\t\t\t\n\n\t<a href=\"https:\/\/www.belaj-doo.com\/de\/kontakt\/\" target=\"_self\"  class=\"qode-btn qode-btn-medium qode-btn-solid qode-btn-default-hover\"  >\n\t    <span class=\"qode-btn-text\">KONTAKT<\/span>\t<\/a>\n\n\t\t\t\t<\/div>\n\t\t\t\t<\/div>\n\t\t\t\t\t<\/div>\n\t\t\t\t<\/div>\n\t\t\t\t<\/div>\n\t\t","protected":false},"excerpt":{"rendered":"<p>Gl\u00fchen Was ist Gl\u00fchen? Gl\u00fchen ist ein thermischer Prozess, der die mechanischen Eigenschaften von Metallen verbessert, innere Spannungen reduziert und die Duktilit\u00e4t des Materials erh\u00f6ht. Der Vorgang umfasst das Erhitzen des Metalls auf eine definierte Temperatur, das Halten auf dieser Temperatur sowie ein kontrolliertes Abk\u00fchlen&#8230;.<\/p>\n","protected":false},"author":1,"featured_media":0,"parent":0,"menu_order":0,"comment_status":"closed","ping_status":"closed","template":"full_width.php","meta":{"footnotes":""},"class_list":["post-9324","page","type-page","status-publish","hentry"],"yoast_head":"<!-- This site is optimized with the Yoast SEO plugin v25.2 - https:\/\/yoast.com\/wordpress\/plugins\/seo\/ -->\n<title>\u017darjenje \u2013 Toplotna Obdelava za Trdnost in Obstojnost | Belaj d.o.o.<\/title>\n<meta name=\"description\" content=\"\u017darjenje je toplotna obdelava kovin za izbolj\u0161anje mehanskih lastnosti, zmanj\u0161anje notranje napetosti in pove\u010danje duktilnosti materiala.\" \/>\n<meta name=\"robots\" content=\"index, follow, max-snippet:-1, max-image-preview:large, max-video-preview:-1\" \/>\n<link rel=\"canonical\" href=\"https:\/\/www.belaj-doo.com\/de\/gluehen\/\" \/>\n<meta property=\"og:locale\" content=\"de_DE\" \/>\n<meta property=\"og:type\" content=\"article\" \/>\n<meta property=\"og:title\" content=\"\u017darjenje \u2013 Toplotna Obdelava za Trdnost in Obstojnost | Belaj d.o.o.\" \/>\n<meta property=\"og:description\" content=\"\u017darjenje je toplotna obdelava kovin za izbolj\u0161anje mehanskih lastnosti, zmanj\u0161anje notranje napetosti in pove\u010danje duktilnosti materiala.\" \/>\n<meta property=\"og:url\" content=\"https:\/\/www.belaj-doo.com\/de\/gluehen\/\" \/>\n<meta property=\"og:site_name\" content=\"Belaj d.o.o.\" \/>\n<meta property=\"article:modified_time\" content=\"2025-06-09T10:26:44+00:00\" \/>\n<meta property=\"og:image\" content=\"https:\/\/www.belaj-doo.com\/wp-content\/uploads\/2025\/01\/annealing-metal-01-e1737132609632.jpeg\" \/>\n<meta name=\"twitter:card\" content=\"summary_large_image\" \/>\n<meta name=\"twitter:label1\" content=\"Gesch\u00e4tzte Lesezeit\" \/>\n\t<meta name=\"twitter:data1\" content=\"1\u00a0Minute\" \/>\n<script type=\"application\/ld+json\" class=\"yoast-schema-graph\">{\"@context\":\"https:\/\/schema.org\",\"@graph\":[{\"@type\":\"WebPage\",\"@id\":\"https:\/\/www.belaj-doo.com\/de\/gluehen\/\",\"url\":\"https:\/\/www.belaj-doo.com\/de\/gluehen\/\",\"name\":\"\u017darjenje \u2013 Toplotna Obdelava za Trdnost in Obstojnost | Belaj d.o.o.\",\"isPartOf\":{\"@id\":\"https:\/\/www.belaj-doo.com\/#website\"},\"primaryImageOfPage\":{\"@id\":\"https:\/\/www.belaj-doo.com\/de\/gluehen\/#primaryimage\"},\"image\":{\"@id\":\"https:\/\/www.belaj-doo.com\/de\/gluehen\/#primaryimage\"},\"thumbnailUrl\":\"https:\/\/www.belaj-doo.com\/wp-content\/uploads\/2025\/01\/annealing-metal-01-e1737132609632.jpeg\",\"datePublished\":\"2025-02-14T16:16:43+00:00\",\"dateModified\":\"2025-06-09T10:26:44+00:00\",\"description\":\"\u017darjenje je toplotna obdelava kovin za izbolj\u0161anje mehanskih lastnosti, zmanj\u0161anje notranje napetosti in pove\u010danje duktilnosti materiala.\",\"breadcrumb\":{\"@id\":\"https:\/\/www.belaj-doo.com\/de\/gluehen\/#breadcrumb\"},\"inLanguage\":\"de\",\"potentialAction\":[{\"@type\":\"ReadAction\",\"target\":[\"https:\/\/www.belaj-doo.com\/de\/gluehen\/\"]}]},{\"@type\":\"ImageObject\",\"inLanguage\":\"de\",\"@id\":\"https:\/\/www.belaj-doo.com\/de\/gluehen\/#primaryimage\",\"url\":\"https:\/\/www.belaj-doo.com\/wp-content\/uploads\/2025\/01\/annealing-metal-01-e1737132609632.jpeg\",\"contentUrl\":\"https:\/\/www.belaj-doo.com\/wp-content\/uploads\/2025\/01\/annealing-metal-01-e1737132609632.jpeg\"},{\"@type\":\"BreadcrumbList\",\"@id\":\"https:\/\/www.belaj-doo.com\/de\/gluehen\/#breadcrumb\",\"itemListElement\":[{\"@type\":\"ListItem\",\"position\":1,\"name\":\"Home\",\"item\":\"https:\/\/www.belaj-doo.com\/de\/\"},{\"@type\":\"ListItem\",\"position\":2,\"name\":\"Gl\u00fchen\"}]},{\"@type\":\"WebSite\",\"@id\":\"https:\/\/www.belaj-doo.com\/#website\",\"url\":\"https:\/\/www.belaj-doo.com\/\",\"name\":\"Belaj d.o.o.\",\"description\":\"Ve\u010d kot 30 let tradicije na podro\u010dju toplotne in povr\u0161inske obdelave jekla\",\"publisher\":{\"@id\":\"https:\/\/www.belaj-doo.com\/#organization\"},\"potentialAction\":[{\"@type\":\"SearchAction\",\"target\":{\"@type\":\"EntryPoint\",\"urlTemplate\":\"https:\/\/www.belaj-doo.com\/?s={search_term_string}\"},\"query-input\":{\"@type\":\"PropertyValueSpecification\",\"valueRequired\":true,\"valueName\":\"search_term_string\"}}],\"inLanguage\":\"de\"},{\"@type\":\"Organization\",\"@id\":\"https:\/\/www.belaj-doo.com\/#organization\",\"name\":\"Belaj d.o.o.\",\"url\":\"https:\/\/www.belaj-doo.com\/\",\"logo\":{\"@type\":\"ImageObject\",\"inLanguage\":\"de\",\"@id\":\"https:\/\/www.belaj-doo.com\/#\/schema\/logo\/image\/\",\"url\":\"https:\/\/www.belaj-doo.com\/wp-content\/uploads\/2025\/01\/cropped-belaj__medium.jpg\",\"contentUrl\":\"https:\/\/www.belaj-doo.com\/wp-content\/uploads\/2025\/01\/cropped-belaj__medium.jpg\",\"width\":512,\"height\":512,\"caption\":\"Belaj d.o.o.\"},\"image\":{\"@id\":\"https:\/\/www.belaj-doo.com\/#\/schema\/logo\/image\/\"}}]}<\/script>\n<!-- \/ Yoast SEO plugin. -->","yoast_head_json":{"title":"\u017darjenje \u2013 Toplotna Obdelava za Trdnost in Obstojnost | Belaj d.o.o.","description":"\u017darjenje je toplotna obdelava kovin za izbolj\u0161anje mehanskih lastnosti, zmanj\u0161anje notranje napetosti in pove\u010danje duktilnosti materiala.","robots":{"index":"index","follow":"follow","max-snippet":"max-snippet:-1","max-image-preview":"max-image-preview:large","max-video-preview":"max-video-preview:-1"},"canonical":"https:\/\/www.belaj-doo.com\/de\/gluehen\/","og_locale":"de_DE","og_type":"article","og_title":"\u017darjenje \u2013 Toplotna Obdelava za Trdnost in Obstojnost | Belaj d.o.o.","og_description":"\u017darjenje je toplotna obdelava kovin za izbolj\u0161anje mehanskih lastnosti, zmanj\u0161anje notranje napetosti in pove\u010danje duktilnosti materiala.","og_url":"https:\/\/www.belaj-doo.com\/de\/gluehen\/","og_site_name":"Belaj d.o.o.","article_modified_time":"2025-06-09T10:26:44+00:00","og_image":[{"url":"https:\/\/www.belaj-doo.com\/wp-content\/uploads\/2025\/01\/annealing-metal-01-e1737132609632.jpeg","type":"","width":"","height":""}],"twitter_card":"summary_large_image","twitter_misc":{"Gesch\u00e4tzte Lesezeit":"1\u00a0Minute"},"schema":{"@context":"https:\/\/schema.org","@graph":[{"@type":"WebPage","@id":"https:\/\/www.belaj-doo.com\/de\/gluehen\/","url":"https:\/\/www.belaj-doo.com\/de\/gluehen\/","name":"\u017darjenje \u2013 Toplotna Obdelava za Trdnost in Obstojnost | Belaj d.o.o.","isPartOf":{"@id":"https:\/\/www.belaj-doo.com\/#website"},"primaryImageOfPage":{"@id":"https:\/\/www.belaj-doo.com\/de\/gluehen\/#primaryimage"},"image":{"@id":"https:\/\/www.belaj-doo.com\/de\/gluehen\/#primaryimage"},"thumbnailUrl":"https:\/\/www.belaj-doo.com\/wp-content\/uploads\/2025\/01\/annealing-metal-01-e1737132609632.jpeg","datePublished":"2025-02-14T16:16:43+00:00","dateModified":"2025-06-09T10:26:44+00:00","description":"\u017darjenje je toplotna obdelava kovin za izbolj\u0161anje mehanskih lastnosti, zmanj\u0161anje notranje napetosti in pove\u010danje duktilnosti materiala.","breadcrumb":{"@id":"https:\/\/www.belaj-doo.com\/de\/gluehen\/#breadcrumb"},"inLanguage":"de","potentialAction":[{"@type":"ReadAction","target":["https:\/\/www.belaj-doo.com\/de\/gluehen\/"]}]},{"@type":"ImageObject","inLanguage":"de","@id":"https:\/\/www.belaj-doo.com\/de\/gluehen\/#primaryimage","url":"https:\/\/www.belaj-doo.com\/wp-content\/uploads\/2025\/01\/annealing-metal-01-e1737132609632.jpeg","contentUrl":"https:\/\/www.belaj-doo.com\/wp-content\/uploads\/2025\/01\/annealing-metal-01-e1737132609632.jpeg"},{"@type":"BreadcrumbList","@id":"https:\/\/www.belaj-doo.com\/de\/gluehen\/#breadcrumb","itemListElement":[{"@type":"ListItem","position":1,"name":"Home","item":"https:\/\/www.belaj-doo.com\/de\/"},{"@type":"ListItem","position":2,"name":"Gl\u00fchen"}]},{"@type":"WebSite","@id":"https:\/\/www.belaj-doo.com\/#website","url":"https:\/\/www.belaj-doo.com\/","name":"Belaj d.o.o.","description":"Ve\u010d kot 30 let tradicije na podro\u010dju toplotne in povr\u0161inske obdelave jekla","publisher":{"@id":"https:\/\/www.belaj-doo.com\/#organization"},"potentialAction":[{"@type":"SearchAction","target":{"@type":"EntryPoint","urlTemplate":"https:\/\/www.belaj-doo.com\/?s={search_term_string}"},"query-input":{"@type":"PropertyValueSpecification","valueRequired":true,"valueName":"search_term_string"}}],"inLanguage":"de"},{"@type":"Organization","@id":"https:\/\/www.belaj-doo.com\/#organization","name":"Belaj d.o.o.","url":"https:\/\/www.belaj-doo.com\/","logo":{"@type":"ImageObject","inLanguage":"de","@id":"https:\/\/www.belaj-doo.com\/#\/schema\/logo\/image\/","url":"https:\/\/www.belaj-doo.com\/wp-content\/uploads\/2025\/01\/cropped-belaj__medium.jpg","contentUrl":"https:\/\/www.belaj-doo.com\/wp-content\/uploads\/2025\/01\/cropped-belaj__medium.jpg","width":512,"height":512,"caption":"Belaj d.o.o."},"image":{"@id":"https:\/\/www.belaj-doo.com\/#\/schema\/logo\/image\/"}}]}},"_links":{"self":[{"href":"https:\/\/www.belaj-doo.com\/de\/wp-json\/wp\/v2\/pages\/9324","targetHints":{"allow":["GET"]}}],"collection":[{"href":"https:\/\/www.belaj-doo.com\/de\/wp-json\/wp\/v2\/pages"}],"about":[{"href":"https:\/\/www.belaj-doo.com\/de\/wp-json\/wp\/v2\/types\/page"}],"author":[{"embeddable":true,"href":"https:\/\/www.belaj-doo.com\/de\/wp-json\/wp\/v2\/users\/1"}],"replies":[{"embeddable":true,"href":"https:\/\/www.belaj-doo.com\/de\/wp-json\/wp\/v2\/comments?post=9324"}],"version-history":[{"count":4,"href":"https:\/\/www.belaj-doo.com\/de\/wp-json\/wp\/v2\/pages\/9324\/revisions"}],"predecessor-version":[{"id":9341,"href":"https:\/\/www.belaj-doo.com\/de\/wp-json\/wp\/v2\/pages\/9324\/revisions\/9341"}],"wp:attachment":[{"href":"https:\/\/www.belaj-doo.com\/de\/wp-json\/wp\/v2\/media?parent=9324"}],"curies":[{"name":"wp","href":"https:\/\/api.w.org\/{rel}","templated":true}]}}