{"id":9323,"date":"2023-12-11T20:44:27","date_gmt":"2023-12-11T20:44:27","guid":{"rendered":"https:\/\/www.belaj-doo.com\/induktivno-kaljenje\/"},"modified":"2025-06-09T10:22:53","modified_gmt":"2025-06-09T10:22:53","slug":"induktive-haertung","status":"publish","type":"page","link":"https:\/\/www.belaj-doo.com\/de\/induktive-haertung\/","title":{"rendered":"Induktive H\u00e4rtung"},"content":{"rendered":"\t\t<div data-elementor-type=\"wp-page\" data-elementor-id=\"9323\" class=\"elementor elementor-9323 elementor-6815\">\n\t\t\t\t<div class=\"elementor-element elementor-element-212b9ce e-flex e-con-boxed parallax_section_no qode_elementor_container_no e-con e-parent\" data-id=\"212b9ce\" data-element_type=\"container\" data-settings=\"{&quot;background_background&quot;:&quot;classic&quot;}\">\n\t\t\t\t\t<div class=\"e-con-inner\">\n\t\t\t\t<div class=\"elementor-element elementor-element-4ba6c30 elementor-widget elementor-widget-text-editor\" data-id=\"4ba6c30\" data-element_type=\"widget\" data-widget_type=\"text-editor.default\">\n\t\t\t\t<div class=\"elementor-widget-container\">\n\t\t\t\t\t\t\t\t\t<h1><span style=\"color: #ffffff;\"><strong>Induktive H\u00e4rtung <\/strong><\/span><\/h1>\t\t\t\t\t\t\t\t<\/div>\n\t\t\t\t<\/div>\n\t\t\t\t\t<\/div>\n\t\t\t\t<\/div>\n\t\t<div class=\"elementor-element elementor-element-c67f896 e-flex e-con-boxed parallax_section_no qode_elementor_container_no e-con e-parent\" data-id=\"c67f896\" data-element_type=\"container\">\n\t\t\t\t\t<div class=\"e-con-inner\">\n\t\t<div class=\"elementor-element elementor-element-8571d22 e-con-full e-flex parallax_section_no qode_elementor_container_no e-con e-child\" data-id=\"8571d22\" data-element_type=\"container\" data-settings=\"{&quot;background_background&quot;:&quot;classic&quot;}\">\n\t\t<div class=\"elementor-element elementor-element-f79b0af e-con-full qode_elementor_container_inner e-flex parallax_section_no e-con e-child\" data-id=\"f79b0af\" data-element_type=\"container\">\n\t\t<div class=\"elementor-element elementor-element-2887f0b e-flex e-con-boxed parallax_section_no qode_elementor_container_no e-con e-child\" data-id=\"2887f0b\" data-element_type=\"container\">\n\t\t\t\t\t<div class=\"e-con-inner\">\n\t\t\t\t\t<\/div>\n\t\t\t\t<\/div>\n\t\t<div class=\"elementor-element elementor-element-7f94694 e-flex e-con-boxed parallax_section_no qode_elementor_container_no e-con e-child\" data-id=\"7f94694\" data-element_type=\"container\" data-settings=\"{&quot;background_background&quot;:&quot;classic&quot;}\">\n\t\t\t\t\t<div class=\"e-con-inner\">\n\t\t\t\t<div class=\"elementor-element elementor-element-8be5535 elementor-widget elementor-widget-text-editor\" data-id=\"8be5535\" data-element_type=\"widget\" data-widget_type=\"text-editor.default\">\n\t\t\t\t<div class=\"elementor-widget-container\">\n\t\t\t\t\t\t\t\t\t<h2 class=\"mkdf-st-title\"><span style=\"color: #ffffff;\"><strong>Was ist induktives H\u00e4rten? <\/strong><\/span><\/h2>\t\t\t\t\t\t\t\t<\/div>\n\t\t\t\t<\/div>\n\t\t\t\t<div class=\"elementor-element elementor-element-d68d1a0 elementor-widget__width-initial elementor-widget elementor-widget-heading\" data-id=\"d68d1a0\" data-element_type=\"widget\" data-widget_type=\"heading.default\">\n\t\t\t\t<div class=\"elementor-widget-container\">\n\t\t\t\t\t<p class=\"elementor-heading-title elementor-size-default\">Es handelt sich um ein Verfahren der W\u00e4rmebehandlung, bei dem metallische Werkst\u00fccke mithilfe von Hochfrequenzinduktion schnell erhitzt und anschlie\u00dfend rasch abgek\u00fchlt werden, was deren H\u00e4rte und Widerstandsf\u00e4higkeit erh\u00f6ht. Diese Methode ist besonders effektiv, um eine hohe Oberfl\u00e4chenh\u00e4rte zu erzielen, w\u00e4hrend der innere Bereich des Werkst\u00fccks z\u00e4h und formbar bleibt.\n\n\n\n\n\n\n\n\n\n\nSelect 51 more words to run Humanizer.\n<\/p>\t\t\t\t<\/div>\n\t\t\t\t<\/div>\n\t\t\t\t\t<\/div>\n\t\t\t\t<\/div>\n\t\t\t\t<\/div>\n\t\t\t\t<\/div>\n\t\t\t\t\t<\/div>\n\t\t\t\t<\/div>\n\t\t<div class=\"elementor-element elementor-element-998b9c7 e-con-full qode_elementor_container_inner e-flex parallax_section_no e-con e-parent\" data-id=\"998b9c7\" data-element_type=\"container\" data-settings=\"{&quot;background_background&quot;:&quot;classic&quot;}\">\n\t\t<div class=\"elementor-element elementor-element-6a4a833 e-con-full e-flex parallax_section_no qode_elementor_container_no e-con e-child\" data-id=\"6a4a833\" data-element_type=\"container\">\n\t\t\t\t<div class=\"elementor-element elementor-element-c3fb646 elementor-widget elementor-widget-bridge_image_gallery\" data-id=\"c3fb646\" data-element_type=\"widget\" data-widget_type=\"bridge_image_gallery.default\">\n\t\t\t\t<div class=\"elementor-widget-container\">\n\t\t\t\t\t<div class=\"qode-image-gallery\"><div class=\"qode-image-gallery-inner\"><div class=\"qode-image-gallery-slides drag_enabled wpb_image_grid\" data-interval=\"\"data-control=&quot;false&quot;data-direction=&quot;false&quot;data-pause-on-hover=&quot;false&quot;data-drag=&quot;true&quot;><div class=\"gallery_holder\"><ul class=\"gallery_inner   v0\"><li class=\"no_grayscale\"><img decoding=\"async\" src=\"https:\/\/www.belaj-doo.com\/wp-content\/uploads\/2025\/03\/induktivno-kaljenje.jpg\" \/><\/li><\/ul><\/div><\/div><\/div><\/div>\t\t\t\t<\/div>\n\t\t\t\t<\/div>\n\t\t\t\t<\/div>\n\t\t<div class=\"elementor-element elementor-element-8569fe5 e-con-full e-flex parallax_section_no qode_elementor_container_no e-con e-child\" data-id=\"8569fe5\" data-element_type=\"container\" data-settings=\"{&quot;background_background&quot;:&quot;classic&quot;}\">\n\t\t\t\t<div class=\"elementor-element elementor-element-ada01dd elementor-widget elementor-widget-bridge_accordion\" data-id=\"ada01dd\" data-element_type=\"widget\" data-widget_type=\"bridge_accordion.default\">\n\t\t\t\t<div class=\"elementor-widget-container\">\n\t\t\t\t\t\n        <div class=\"qode-accordion-holder clearfix qode-accordion qode-initial \">\n            <h3 class=\"clearfix qode-title-holder\">\n<span class=\"qode-tab-title\">\n\t\t\t<span class=\"qode-tab-title-icon\">\n\t\t\t\t\t<\/span>\n\t    <span class=\"qode-tab-title-inner\">\n        Hochfrequenz- und Mittelfrequenzh\u00e4rtung    <\/span>\n<\/span>\n<span class=\"qode-accordion-mark\">\n    <span class=\"qode-accordion-mark-icon\">\n        <span class=\"icon_plus\"><\/span>\n        <span class=\"icon_minus-06\"><\/span>\n    <\/span>\n<\/span>\n<\/h3>\n<div  class=\"qode-accordion-content \" style=\"background-image: url(); padding: 0 100px 31px 50px\">\n    <div class=\"qode-accordion-content-inner\">\n        <p>\u00a0<\/p><p data-start=\"0\" data-end=\"113\">Induktives H\u00e4rten wird je nach verwendetem Frequenzbereich in Hochfrequenz- und Mittelfrequenzh\u00e4rtung unterteilt:<\/p><p data-start=\"115\" data-end=\"323\" data-is-last-node=\"\" data-is-only-node=\"\"><strong data-start=\"115\" data-end=\"138\">Hochfrequenzh\u00e4rtung<\/strong> \u2013 wird f\u00fcr kleine und pr\u00e4zise Bauteile wie Zahnr\u00e4der, Achsen und Walzen eingesetzt.<br data-start=\"222\" data-end=\"225\" data-is-only-node=\"\" \/><strong data-start=\"225\" data-end=\"250\">Mittelfrequenzh\u00e4rtung<\/strong> \u2013 eignet sich f\u00fcr gr\u00f6\u00dfere Werkst\u00fccke wie Wellen, R\u00e4der und Lagerfl\u00e4chen.<\/p><p>\u00a0<\/p>    <\/div>\n<\/div><h3 class=\"clearfix qode-title-holder\">\n<span class=\"qode-tab-title\">\n\t\t\t<span class=\"qode-tab-title-icon\">\n\t\t\t\t\t<\/span>\n\t    <span class=\"qode-tab-title-inner\">\n        Wo wird es angewendet?    <\/span>\n<\/span>\n<span class=\"qode-accordion-mark\">\n    <span class=\"qode-accordion-mark-icon\">\n        <span class=\"icon_plus\"><\/span>\n        <span class=\"icon_minus-06\"><\/span>\n    <\/span>\n<\/span>\n<\/h3>\n<div  class=\"qode-accordion-content \" style=\"background-image: url(); padding: 0 100px 31px 50px\">\n    <div class=\"qode-accordion-content-inner\">\n        <p data-start=\"0\" data-end=\"142\">Induktives H\u00e4rten wird h\u00e4ufig in verschiedenen Branchen eingesetzt, in denen eine hohe Verschlei\u00dffestigkeit und Haltbarkeit erforderlich sind:<\/p><ul><li data-start=\"146\" data-end=\"198\"><strong data-start=\"146\" data-end=\"168\">Automobilindustrie<\/strong> (Wellen, Zahnr\u00e4der, Achsen)<\/li><li data-start=\"146\" data-end=\"198\"><strong data-start=\"201\" data-end=\"217\">Maschinenbau<\/strong> (Lager, F\u00fchrungen, Schrauben)<\/li><li data-start=\"146\" data-end=\"198\"><strong data-start=\"252\" data-end=\"267\">Werkzeugbau<\/strong> (Formen, Schneidwerkzeuge)<\/li><\/ul>    <\/div>\n<\/div><h3 class=\"clearfix qode-title-holder\">\n<span class=\"qode-tab-title\">\n\t\t\t<span class=\"qode-tab-title-icon\">\n\t\t\t\t\t<\/span>\n\t    <span class=\"qode-tab-title-inner\">\n        Vorteile    <\/span>\n<\/span>\n<span class=\"qode-accordion-mark\">\n    <span class=\"qode-accordion-mark-icon\">\n        <span class=\"icon_plus\"><\/span>\n        <span class=\"icon_minus-06\"><\/span>\n    <\/span>\n<\/span>\n<\/h3>\n<div  class=\"qode-accordion-content \" style=\"background-image: url(); padding: 0 100px 31px 50px\">\n    <div class=\"qode-accordion-content-inner\">\n        <p>\u2714 Pr\u00e4zise Steuerung des Prozesses<br data-start=\"47\" data-end=\"50\" \/>\u2714 H\u00f6here H\u00e4rte und Verschlei\u00dffestigkeit<br data-start=\"89\" data-end=\"92\" \/>\u2714 Geringere Materialverformung<br data-start=\"122\" data-end=\"125\" \/>\u2714 Schnelleres Verfahren im Vergleich zu klassischen Methoden<\/p>    <\/div>\n<\/div><h3 class=\"clearfix qode-title-holder\">\n<span class=\"qode-tab-title\">\n\t\t\t<span class=\"qode-tab-title-icon\">\n\t\t\t\t\t<\/span>\n\t    <span class=\"qode-tab-title-inner\">\n        Unsere Kapazit\u00e4ten    <\/span>\n<\/span>\n<span class=\"qode-accordion-mark\">\n    <span class=\"qode-accordion-mark-icon\">\n        <span class=\"icon_plus\"><\/span>\n        <span class=\"icon_minus-06\"><\/span>\n    <\/span>\n<\/span>\n<\/h3>\n<div  class=\"qode-accordion-content \" style=\"background-image: url(); padding: 0 100px 31px 50px\">\n    <div class=\"qode-accordion-content-inner\">\n        <p data-start=\"24\" data-end=\"93\">Entdecken Sie unsere M\u00f6glichkeiten im Bereich der induktiven H\u00e4rtung:<\/p><ul><li data-start=\"97\" data-end=\"170\"><strong data-start=\"97\" data-end=\"123\">Anlage 60 kW (200 kHz)<\/strong> \u2013 Bearbeitung bis \u00d8 70 mm, L\u00e4nge bis 1200 mm<\/li><li data-start=\"97\" data-end=\"170\"><strong data-start=\"173\" data-end=\"198\">Anlage 75 kW (10 kHz)<\/strong> \u2013 Bearbeitung bis \u00d8 100 mm, L\u00e4nge bis 700 mm<\/li><li data-start=\"97\" data-end=\"170\"><strong data-start=\"248\" data-end=\"285\">Anlage ELDEC 100 kW (150\u2013350 kHz)<\/strong> \u2013 Bearbeitung bis \u00d8 150 mm, L\u00e4nge bis 1000 mm<\/li><\/ul>    <\/div>\n<\/div>        <\/div>\n\n        \t\t\t\t<\/div>\n\t\t\t\t<\/div>\n\t\t\t\t<\/div>\n\t\t\t\t<\/div>\n\t\t<div class=\"elementor-element elementor-element-a7cd885 e-flex e-con-boxed parallax_section_no qode_elementor_container_no e-con e-parent\" data-id=\"a7cd885\" data-element_type=\"container\" data-settings=\"{&quot;background_background&quot;:&quot;classic&quot;}\">\n\t\t\t\t\t<div class=\"e-con-inner\">\n\t\t\t\t<div class=\"elementor-element elementor-element-43e17e8 elementor-widget elementor-widget-text-editor\" data-id=\"43e17e8\" data-element_type=\"widget\" data-widget_type=\"text-editor.default\">\n\t\t\t\t<div class=\"elementor-widget-container\">\n\t\t\t\t\t\t\t\t\t<h2><span style=\"color: #ffffff;\">Kontaktieren Sie uns f\u00fcr weitere Informationen!<\/span><\/h2>\t\t\t\t\t\t\t\t<\/div>\n\t\t\t\t<\/div>\n\t\t\t\t<div class=\"elementor-element elementor-element-7bcc913 elementor-widget elementor-widget-bridge_button_v2\" data-id=\"7bcc913\" data-element_type=\"widget\" data-widget_type=\"bridge_button_v2.default\">\n\t\t\t\t<div class=\"elementor-widget-container\">\n\t\t\t\t\t\n\n\t<a href=\"https:\/\/www.belaj-doo.com\/de\/kontakt\/\" target=\"_self\"  class=\"qode-btn qode-btn-medium qode-btn-solid qode-btn-default-hover\"  >\n\t    <span class=\"qode-btn-text\">KONTAKT<\/span>\t<\/a>\n\n\t\t\t\t<\/div>\n\t\t\t\t<\/div>\n\t\t\t\t\t<\/div>\n\t\t\t\t<\/div>\n\t\t\t\t<\/div>\n\t\t","protected":false},"excerpt":{"rendered":"<p>Induktive H\u00e4rtung Was ist induktives H\u00e4rten? Es handelt sich um ein Verfahren der W\u00e4rmebehandlung, bei dem metallische Werkst\u00fccke mithilfe von Hochfrequenzinduktion schnell erhitzt und anschlie\u00dfend rasch abgek\u00fchlt werden, was deren H\u00e4rte und Widerstandsf\u00e4higkeit erh\u00f6ht. Diese Methode ist besonders effektiv, um eine hohe Oberfl\u00e4chenh\u00e4rte zu erzielen,&#8230;<\/p>\n","protected":false},"author":1,"featured_media":0,"parent":0,"menu_order":0,"comment_status":"closed","ping_status":"closed","template":"full_width.php","meta":{"footnotes":""},"class_list":["post-9323","page","type-page","status-publish","hentry"],"yoast_head":"<!-- This site is optimized with the Yoast SEO plugin v25.2 - https:\/\/yoast.com\/wordpress\/plugins\/seo\/ -->\n<title>Visoko in srednje frekven\u010dno induktivno kaljenje - Belaj d.o.o.<\/title>\n<meta name=\"description\" content=\"Induktivno kaljenje z natan\u010dnimi in u\u010dinkovitimi stroji za obdelavo. Ve\u010d kot 30 let izku\u0161enj, zagotovljena kakovost.\" \/>\n<meta name=\"robots\" content=\"index, follow, max-snippet:-1, max-image-preview:large, max-video-preview:-1\" \/>\n<link rel=\"canonical\" href=\"https:\/\/www.belaj-doo.com\/de\/induktive-haertung\/\" \/>\n<meta property=\"og:locale\" content=\"de_DE\" \/>\n<meta property=\"og:type\" content=\"article\" \/>\n<meta property=\"og:title\" content=\"Visoko in srednje frekven\u010dno induktivno kaljenje - Belaj d.o.o.\" \/>\n<meta property=\"og:description\" content=\"Induktivno kaljenje z natan\u010dnimi in u\u010dinkovitimi stroji za obdelavo. Ve\u010d kot 30 let izku\u0161enj, zagotovljena kakovost.\" \/>\n<meta property=\"og:url\" content=\"https:\/\/www.belaj-doo.com\/de\/induktive-haertung\/\" \/>\n<meta property=\"og:site_name\" content=\"Belaj d.o.o.\" \/>\n<meta property=\"article:modified_time\" content=\"2025-06-09T10:22:53+00:00\" \/>\n<meta property=\"og:image\" content=\"https:\/\/www.belaj-doo.com\/wp-content\/uploads\/2025\/03\/induktivno-kaljenje.jpg\" \/>\n<meta name=\"twitter:card\" content=\"summary_large_image\" \/>\n<meta name=\"twitter:label1\" content=\"Gesch\u00e4tzte Lesezeit\" \/>\n\t<meta name=\"twitter:data1\" content=\"3\u00a0Minuten\" \/>\n<script type=\"application\/ld+json\" class=\"yoast-schema-graph\">{\"@context\":\"https:\/\/schema.org\",\"@graph\":[{\"@type\":\"WebPage\",\"@id\":\"https:\/\/www.belaj-doo.com\/de\/induktive-haertung\/\",\"url\":\"https:\/\/www.belaj-doo.com\/de\/induktive-haertung\/\",\"name\":\"Visoko in srednje frekven\u010dno induktivno kaljenje - Belaj d.o.o.\",\"isPartOf\":{\"@id\":\"https:\/\/www.belaj-doo.com\/#website\"},\"primaryImageOfPage\":{\"@id\":\"https:\/\/www.belaj-doo.com\/de\/induktive-haertung\/#primaryimage\"},\"image\":{\"@id\":\"https:\/\/www.belaj-doo.com\/de\/induktive-haertung\/#primaryimage\"},\"thumbnailUrl\":\"https:\/\/www.belaj-doo.com\/wp-content\/uploads\/2025\/03\/induktivno-kaljenje.jpg\",\"datePublished\":\"2023-12-11T20:44:27+00:00\",\"dateModified\":\"2025-06-09T10:22:53+00:00\",\"description\":\"Induktivno kaljenje z natan\u010dnimi in u\u010dinkovitimi stroji za obdelavo. Ve\u010d kot 30 let izku\u0161enj, zagotovljena kakovost.\",\"breadcrumb\":{\"@id\":\"https:\/\/www.belaj-doo.com\/de\/induktive-haertung\/#breadcrumb\"},\"inLanguage\":\"de\",\"potentialAction\":[{\"@type\":\"ReadAction\",\"target\":[\"https:\/\/www.belaj-doo.com\/de\/induktive-haertung\/\"]}]},{\"@type\":\"ImageObject\",\"inLanguage\":\"de\",\"@id\":\"https:\/\/www.belaj-doo.com\/de\/induktive-haertung\/#primaryimage\",\"url\":\"https:\/\/www.belaj-doo.com\/wp-content\/uploads\/2025\/03\/induktivno-kaljenje.jpg\",\"contentUrl\":\"https:\/\/www.belaj-doo.com\/wp-content\/uploads\/2025\/03\/induktivno-kaljenje.jpg\"},{\"@type\":\"BreadcrumbList\",\"@id\":\"https:\/\/www.belaj-doo.com\/de\/induktive-haertung\/#breadcrumb\",\"itemListElement\":[{\"@type\":\"ListItem\",\"position\":1,\"name\":\"Home\",\"item\":\"https:\/\/www.belaj-doo.com\/de\/\"},{\"@type\":\"ListItem\",\"position\":2,\"name\":\"Induktive H\u00e4rtung\"}]},{\"@type\":\"WebSite\",\"@id\":\"https:\/\/www.belaj-doo.com\/#website\",\"url\":\"https:\/\/www.belaj-doo.com\/\",\"name\":\"Belaj d.o.o.\",\"description\":\"Ve\u010d kot 30 let tradicije na podro\u010dju toplotne in povr\u0161inske obdelave jekla\",\"publisher\":{\"@id\":\"https:\/\/www.belaj-doo.com\/#organization\"},\"potentialAction\":[{\"@type\":\"SearchAction\",\"target\":{\"@type\":\"EntryPoint\",\"urlTemplate\":\"https:\/\/www.belaj-doo.com\/?s={search_term_string}\"},\"query-input\":{\"@type\":\"PropertyValueSpecification\",\"valueRequired\":true,\"valueName\":\"search_term_string\"}}],\"inLanguage\":\"de\"},{\"@type\":\"Organization\",\"@id\":\"https:\/\/www.belaj-doo.com\/#organization\",\"name\":\"Belaj d.o.o.\",\"url\":\"https:\/\/www.belaj-doo.com\/\",\"logo\":{\"@type\":\"ImageObject\",\"inLanguage\":\"de\",\"@id\":\"https:\/\/www.belaj-doo.com\/#\/schema\/logo\/image\/\",\"url\":\"https:\/\/www.belaj-doo.com\/wp-content\/uploads\/2025\/01\/cropped-belaj__medium.jpg\",\"contentUrl\":\"https:\/\/www.belaj-doo.com\/wp-content\/uploads\/2025\/01\/cropped-belaj__medium.jpg\",\"width\":512,\"height\":512,\"caption\":\"Belaj d.o.o.\"},\"image\":{\"@id\":\"https:\/\/www.belaj-doo.com\/#\/schema\/logo\/image\/\"}}]}<\/script>\n<!-- \/ Yoast SEO plugin. -->","yoast_head_json":{"title":"Visoko in srednje frekven\u010dno induktivno kaljenje - Belaj d.o.o.","description":"Induktivno kaljenje z natan\u010dnimi in u\u010dinkovitimi stroji za obdelavo. Ve\u010d kot 30 let izku\u0161enj, zagotovljena kakovost.","robots":{"index":"index","follow":"follow","max-snippet":"max-snippet:-1","max-image-preview":"max-image-preview:large","max-video-preview":"max-video-preview:-1"},"canonical":"https:\/\/www.belaj-doo.com\/de\/induktive-haertung\/","og_locale":"de_DE","og_type":"article","og_title":"Visoko in srednje frekven\u010dno induktivno kaljenje - Belaj d.o.o.","og_description":"Induktivno kaljenje z natan\u010dnimi in u\u010dinkovitimi stroji za obdelavo. Ve\u010d kot 30 let izku\u0161enj, zagotovljena kakovost.","og_url":"https:\/\/www.belaj-doo.com\/de\/induktive-haertung\/","og_site_name":"Belaj d.o.o.","article_modified_time":"2025-06-09T10:22:53+00:00","og_image":[{"url":"https:\/\/www.belaj-doo.com\/wp-content\/uploads\/2025\/03\/induktivno-kaljenje.jpg","type":"","width":"","height":""}],"twitter_card":"summary_large_image","twitter_misc":{"Gesch\u00e4tzte Lesezeit":"3\u00a0Minuten"},"schema":{"@context":"https:\/\/schema.org","@graph":[{"@type":"WebPage","@id":"https:\/\/www.belaj-doo.com\/de\/induktive-haertung\/","url":"https:\/\/www.belaj-doo.com\/de\/induktive-haertung\/","name":"Visoko in srednje frekven\u010dno induktivno kaljenje - Belaj d.o.o.","isPartOf":{"@id":"https:\/\/www.belaj-doo.com\/#website"},"primaryImageOfPage":{"@id":"https:\/\/www.belaj-doo.com\/de\/induktive-haertung\/#primaryimage"},"image":{"@id":"https:\/\/www.belaj-doo.com\/de\/induktive-haertung\/#primaryimage"},"thumbnailUrl":"https:\/\/www.belaj-doo.com\/wp-content\/uploads\/2025\/03\/induktivno-kaljenje.jpg","datePublished":"2023-12-11T20:44:27+00:00","dateModified":"2025-06-09T10:22:53+00:00","description":"Induktivno kaljenje z natan\u010dnimi in u\u010dinkovitimi stroji za obdelavo. Ve\u010d kot 30 let izku\u0161enj, zagotovljena kakovost.","breadcrumb":{"@id":"https:\/\/www.belaj-doo.com\/de\/induktive-haertung\/#breadcrumb"},"inLanguage":"de","potentialAction":[{"@type":"ReadAction","target":["https:\/\/www.belaj-doo.com\/de\/induktive-haertung\/"]}]},{"@type":"ImageObject","inLanguage":"de","@id":"https:\/\/www.belaj-doo.com\/de\/induktive-haertung\/#primaryimage","url":"https:\/\/www.belaj-doo.com\/wp-content\/uploads\/2025\/03\/induktivno-kaljenje.jpg","contentUrl":"https:\/\/www.belaj-doo.com\/wp-content\/uploads\/2025\/03\/induktivno-kaljenje.jpg"},{"@type":"BreadcrumbList","@id":"https:\/\/www.belaj-doo.com\/de\/induktive-haertung\/#breadcrumb","itemListElement":[{"@type":"ListItem","position":1,"name":"Home","item":"https:\/\/www.belaj-doo.com\/de\/"},{"@type":"ListItem","position":2,"name":"Induktive H\u00e4rtung"}]},{"@type":"WebSite","@id":"https:\/\/www.belaj-doo.com\/#website","url":"https:\/\/www.belaj-doo.com\/","name":"Belaj d.o.o.","description":"Ve\u010d kot 30 let tradicije na podro\u010dju toplotne in povr\u0161inske obdelave jekla","publisher":{"@id":"https:\/\/www.belaj-doo.com\/#organization"},"potentialAction":[{"@type":"SearchAction","target":{"@type":"EntryPoint","urlTemplate":"https:\/\/www.belaj-doo.com\/?s={search_term_string}"},"query-input":{"@type":"PropertyValueSpecification","valueRequired":true,"valueName":"search_term_string"}}],"inLanguage":"de"},{"@type":"Organization","@id":"https:\/\/www.belaj-doo.com\/#organization","name":"Belaj d.o.o.","url":"https:\/\/www.belaj-doo.com\/","logo":{"@type":"ImageObject","inLanguage":"de","@id":"https:\/\/www.belaj-doo.com\/#\/schema\/logo\/image\/","url":"https:\/\/www.belaj-doo.com\/wp-content\/uploads\/2025\/01\/cropped-belaj__medium.jpg","contentUrl":"https:\/\/www.belaj-doo.com\/wp-content\/uploads\/2025\/01\/cropped-belaj__medium.jpg","width":512,"height":512,"caption":"Belaj d.o.o."},"image":{"@id":"https:\/\/www.belaj-doo.com\/#\/schema\/logo\/image\/"}}]}},"_links":{"self":[{"href":"https:\/\/www.belaj-doo.com\/de\/wp-json\/wp\/v2\/pages\/9323","targetHints":{"allow":["GET"]}}],"collection":[{"href":"https:\/\/www.belaj-doo.com\/de\/wp-json\/wp\/v2\/pages"}],"about":[{"href":"https:\/\/www.belaj-doo.com\/de\/wp-json\/wp\/v2\/types\/page"}],"author":[{"embeddable":true,"href":"https:\/\/www.belaj-doo.com\/de\/wp-json\/wp\/v2\/users\/1"}],"replies":[{"embeddable":true,"href":"https:\/\/www.belaj-doo.com\/de\/wp-json\/wp\/v2\/comments?post=9323"}],"version-history":[{"count":4,"href":"https:\/\/www.belaj-doo.com\/de\/wp-json\/wp\/v2\/pages\/9323\/revisions"}],"predecessor-version":[{"id":9337,"href":"https:\/\/www.belaj-doo.com\/de\/wp-json\/wp\/v2\/pages\/9323\/revisions\/9337"}],"wp:attachment":[{"href":"https:\/\/www.belaj-doo.com\/de\/wp-json\/wp\/v2\/media?parent=9323"}],"curies":[{"name":"wp","href":"https:\/\/api.w.org\/{rel}","templated":true}]}}