{"id":9322,"date":"2025-02-14T16:18:13","date_gmt":"2025-02-14T16:18:13","guid":{"rendered":"https:\/\/www.belaj-doo.com\/bruniranje\/"},"modified":"2025-06-09T10:18:37","modified_gmt":"2025-06-09T10:18:37","slug":"bruenieren","status":"publish","type":"page","link":"https:\/\/www.belaj-doo.com\/de\/bruenieren\/","title":{"rendered":"Br\u00fcnieren"},"content":{"rendered":"\t\t<div data-elementor-type=\"wp-page\" data-elementor-id=\"9322\" class=\"elementor elementor-9322 elementor-8542\">\n\t\t\t\t<div class=\"elementor-element elementor-element-212b9ce e-flex e-con-boxed parallax_section_no qode_elementor_container_no e-con e-parent\" data-id=\"212b9ce\" data-element_type=\"container\" data-settings=\"{&quot;background_background&quot;:&quot;classic&quot;}\">\n\t\t\t\t\t<div class=\"e-con-inner\">\n\t\t\t\t<div class=\"elementor-element elementor-element-4ba6c30 elementor-widget elementor-widget-text-editor\" data-id=\"4ba6c30\" data-element_type=\"widget\" data-widget_type=\"text-editor.default\">\n\t\t\t\t<div class=\"elementor-widget-container\">\n\t\t\t\t\t\t\t\t\t<h1><span style=\"color: #ffffff;\"><b>Br\u00fcnieren<\/b><\/span><\/h1>\t\t\t\t\t\t\t\t<\/div>\n\t\t\t\t<\/div>\n\t\t\t\t\t<\/div>\n\t\t\t\t<\/div>\n\t\t<div class=\"elementor-element elementor-element-8e68eb1 e-flex e-con-boxed parallax_section_no qode_elementor_container_no e-con e-parent\" data-id=\"8e68eb1\" data-element_type=\"container\">\n\t\t\t\t\t<div class=\"e-con-inner\">\n\t\t<div class=\"elementor-element elementor-element-a4f27ab e-con-full e-flex parallax_section_no qode_elementor_container_no e-con e-child\" data-id=\"a4f27ab\" data-element_type=\"container\" data-settings=\"{&quot;background_background&quot;:&quot;classic&quot;}\">\n\t\t<div class=\"elementor-element elementor-element-83d7b15 e-con-full qode_elementor_container_inner e-flex parallax_section_no e-con e-child\" data-id=\"83d7b15\" data-element_type=\"container\">\n\t\t<div class=\"elementor-element elementor-element-132c106 e-flex e-con-boxed parallax_section_no qode_elementor_container_no e-con e-child\" data-id=\"132c106\" data-element_type=\"container\">\n\t\t\t\t\t<div class=\"e-con-inner\">\n\t\t\t\t\t<\/div>\n\t\t\t\t<\/div>\n\t\t<div class=\"elementor-element elementor-element-960c860 e-flex e-con-boxed parallax_section_no qode_elementor_container_no e-con e-child\" data-id=\"960c860\" data-element_type=\"container\" data-settings=\"{&quot;background_background&quot;:&quot;classic&quot;}\">\n\t\t\t\t\t<div class=\"e-con-inner\">\n\t\t\t\t<div class=\"elementor-element elementor-element-31c6576 elementor-widget elementor-widget-text-editor\" data-id=\"31c6576\" data-element_type=\"widget\" data-widget_type=\"text-editor.default\">\n\t\t\t\t<div class=\"elementor-widget-container\">\n\t\t\t\t\t\t\t\t\t<h2><span style=\"color: #ffffff;\"><strong>Was ist Br\u00fcnieren? <\/strong><\/span><\/h2>\t\t\t\t\t\t\t\t<\/div>\n\t\t\t\t<\/div>\n\t\t\t\t<div class=\"elementor-element elementor-element-4e7e47d elementor-widget__width-initial elementor-widget elementor-widget-heading\" data-id=\"4e7e47d\" data-element_type=\"widget\" data-widget_type=\"heading.default\">\n\t\t\t\t<div class=\"elementor-widget-container\">\n\t\t\t\t\t<p class=\"elementor-heading-title elementor-size-default\">Br\u00fcnieren ist ein Verfahren zur Oberfl\u00e4chenbehandlung von Metallteilen, vor allem von Stahl. Dabei wird die Oberfl\u00e4che chemisch geschw\u00e4rzt, um das Metall vor Korrosion zu sch\u00fctzen und ihm ein \u00e4sthetisch matt-schwarzes Aussehen zu geben. Metallteile werden in eine chemische L\u00f6sung getaucht. Die Oberfl\u00e4che reagiert dabei und bildet eine d\u00fcnne schwarze Oxidschicht. Das Verfahren ver\u00e4ndert die Abmessungen des Werkst\u00fccks nicht und eignet sich daher ideal f\u00fcr pr\u00e4zisionsgefertigte Teile bzw.  ma\u00dfhaltige Komponenten.<\/p>\t\t\t\t<\/div>\n\t\t\t\t<\/div>\n\t\t\t\t\t<\/div>\n\t\t\t\t<\/div>\n\t\t\t\t<\/div>\n\t\t\t\t<\/div>\n\t\t\t\t\t<\/div>\n\t\t\t\t<\/div>\n\t\t<div class=\"elementor-element elementor-element-5788d0a e-con-full qode_elementor_container_inner e-flex parallax_section_no e-con e-parent\" data-id=\"5788d0a\" data-element_type=\"container\" data-settings=\"{&quot;background_background&quot;:&quot;classic&quot;}\">\n\t\t<div class=\"elementor-element elementor-element-8aa0e5a e-con-full e-flex parallax_section_no qode_elementor_container_no e-con e-child\" data-id=\"8aa0e5a\" data-element_type=\"container\">\n\t\t\t\t<div class=\"elementor-element elementor-element-64d1197 elementor-widget elementor-widget-bridge_image_gallery\" data-id=\"64d1197\" data-element_type=\"widget\" data-widget_type=\"bridge_image_gallery.default\">\n\t\t\t\t<div class=\"elementor-widget-container\">\n\t\t\t\t\t<div class=\"qode-image-gallery\"><div class=\"qode-image-gallery-inner\"><div class=\"qode-image-gallery-slides drag_enabled wpb_image_grid\" data-interval=\"\"data-control=&quot;false&quot;data-direction=&quot;false&quot;data-pause-on-hover=&quot;false&quot;data-drag=&quot;true&quot;><div class=\"gallery_holder\"><ul class=\"gallery_inner   v0\"><li class=\"no_grayscale\"><img decoding=\"async\" src=\"https:\/\/www.belaj-doo.com\/wp-content\/uploads\/2025\/03\/vroce-bruniranje.jpg\" \/><\/li><\/ul><\/div><\/div><\/div><\/div>\t\t\t\t<\/div>\n\t\t\t\t<\/div>\n\t\t\t\t<\/div>\n\t\t<div class=\"elementor-element elementor-element-b5d3b6b e-con-full e-flex parallax_section_no qode_elementor_container_no e-con e-child\" data-id=\"b5d3b6b\" data-element_type=\"container\" data-settings=\"{&quot;background_background&quot;:&quot;classic&quot;}\">\n\t\t\t\t<div class=\"elementor-element elementor-element-db9ed41 elementor-widget elementor-widget-bridge_accordion\" data-id=\"db9ed41\" data-element_type=\"widget\" data-widget_type=\"bridge_accordion.default\">\n\t\t\t\t<div class=\"elementor-widget-container\">\n\t\t\t\t\t\n        <div class=\"qode-accordion-holder clearfix qode-accordion qode-initial \">\n            <h3 class=\"clearfix qode-title-holder\">\n<span class=\"qode-tab-title\">\n\t\t\t<span class=\"qode-tab-title-icon\">\n\t\t\t\t\t<\/span>\n\t    <span class=\"qode-tab-title-inner\">\n        Hei\u00dfbr\u00fcnieren    <\/span>\n<\/span>\n<span class=\"qode-accordion-mark\">\n    <span class=\"qode-accordion-mark-icon\">\n        <span class=\"icon_plus\"><\/span>\n        <span class=\"icon_minus-06\"><\/span>\n    <\/span>\n<\/span>\n<\/h3>\n<div  class=\"qode-accordion-content \" style=\"background-image: url(); padding: 0 100px 31px 50px\">\n    <div class=\"qode-accordion-content-inner\">\n        <p>Beim Hei\u00dfbr\u00fcnieren wird das Werkst\u00fcck in ein chemisches Bad mit etwa <strong>140\u202f\u00b0C<\/strong> getaucht.<br \/>Das Verfahren erzeugt eine <strong>gleichm\u00e4\u00dfige, stabile schwarze Oxidschicht<\/strong>, die sehr guten <strong>Korrosionsschutz<\/strong> bietet.<\/p>    <\/div>\n<\/div><h3 class=\"clearfix qode-title-holder\">\n<span class=\"qode-tab-title\">\n\t\t\t<span class=\"qode-tab-title-icon\">\n\t\t\t\t\t<\/span>\n\t    <span class=\"qode-tab-title-inner\">\n        Kaltbr\u00fcnieren    <\/span>\n<\/span>\n<span class=\"qode-accordion-mark\">\n    <span class=\"qode-accordion-mark-icon\">\n        <span class=\"icon_plus\"><\/span>\n        <span class=\"icon_minus-06\"><\/span>\n    <\/span>\n<\/span>\n<\/h3>\n<div  class=\"qode-accordion-content \" style=\"background-image: url(); padding: 0 100px 31px 50px\">\n    <div class=\"qode-accordion-content-inner\">\n        <p><strong>Kaltbr\u00fcnieren ist eine Alternative f\u00fcr Werkst\u00fccke, die sich nicht f\u00fcr das Hei\u00dfbr\u00fcnieren eignen \u2013 zum Beispiel aufgrund ihrer Materialzusammensetzung oder Empfindlichkeit gegen\u00fcber hohen Temperaturen.<\/strong><br \/>Dieses Verfahren erm\u00f6glicht eine einfache Schw\u00e4rzung der Oberfl\u00e4che bei Raumtemperatur und wird oft f\u00fcr empfindliche oder bereits montierte Bauteile verwendet.<\/p>    <\/div>\n<\/div><h3 class=\"clearfix qode-title-holder\">\n<span class=\"qode-tab-title\">\n\t\t\t<span class=\"qode-tab-title-icon\">\n\t\t\t\t\t<\/span>\n\t    <span class=\"qode-tab-title-inner\">\n        Ablauf des Br\u00fcnierverfahrens    <\/span>\n<\/span>\n<span class=\"qode-accordion-mark\">\n    <span class=\"qode-accordion-mark-icon\">\n        <span class=\"icon_plus\"><\/span>\n        <span class=\"icon_minus-06\"><\/span>\n    <\/span>\n<\/span>\n<\/h3>\n<div  class=\"qode-accordion-content \" style=\"background-image: url(); padding: 0 100px 31px 50px\">\n    <div class=\"qode-accordion-content-inner\">\n        <p>\u00a0<\/p><p>Das Br\u00fcnieren erfolgt in mehreren Schritten:<\/p><ol><li><strong>Oberfl\u00e4chenvorbereitung<\/strong> \u2013 Reinigung und Entfettung der Metallteile<\/li><li><strong>Tauchbad in der Br\u00fcnierl\u00f6sung<\/strong> \u2013 chemische Reaktion der Metalloberfl\u00e4che mit der L\u00f6sung<\/li><li><strong>Absp\u00fclen und Trocknen<\/strong> \u2013 Entfernung von R\u00fcckst\u00e4nden und Vorbereitung der Oberfl\u00e4che<\/li><li><strong>Ein\u00f6len oder Versiegeln<\/strong> \u2013 zus\u00e4tzlicher Korrosionsschutz und Konservierung<\/li><\/ol><p>\u00a0<\/p>    <\/div>\n<\/div><h3 class=\"clearfix qode-title-holder\">\n<span class=\"qode-tab-title\">\n\t\t\t<span class=\"qode-tab-title-icon\">\n\t\t\t\t\t<\/span>\n\t    <span class=\"qode-tab-title-inner\">\n        Vorteile des Br\u00fcnierens     <\/span>\n<\/span>\n<span class=\"qode-accordion-mark\">\n    <span class=\"qode-accordion-mark-icon\">\n        <span class=\"icon_plus\"><\/span>\n        <span class=\"icon_minus-06\"><\/span>\n    <\/span>\n<\/span>\n<\/h3>\n<div  class=\"qode-accordion-content \" style=\"background-image: url(); padding: 0 100px 31px 50px\">\n    <div class=\"qode-accordion-content-inner\">\n        <ol><li>Hervorragender Korrosionsschutz<\/li><li>Gleichm\u00e4\u00dfige, tiefschwarze Oberfl\u00e4che<\/li><li>Keine Beeinflussung der Werkst\u00fcckma\u00dfe<\/li><li>\u00c4sthetisch ansprechendes Erscheinungsbild<\/li><li>Verbesserte Schmierf\u00e4higkeit der Bauteile<\/li><\/ol>    <\/div>\n<\/div><h3 class=\"clearfix qode-title-holder\">\n<span class=\"qode-tab-title\">\n\t\t\t<span class=\"qode-tab-title-icon\">\n\t\t\t\t\t<\/span>\n\t    <span class=\"qode-tab-title-inner\">\n        Br\u00fcnierverfahren    <\/span>\n<\/span>\n<span class=\"qode-accordion-mark\">\n    <span class=\"qode-accordion-mark-icon\">\n        <span class=\"icon_plus\"><\/span>\n        <span class=\"icon_minus-06\"><\/span>\n    <\/span>\n<\/span>\n<\/h3>\n<div  class=\"qode-accordion-content \" style=\"background-image: url(); padding: 0 100px 31px 50px\">\n    <div class=\"qode-accordion-content-inner\">\n        <p>\u00a0<\/p><p>Das Br\u00fcnieren wird durchgef\u00fchrt:<\/p><ol><li><strong>Im Korb mit Aufh\u00e4ngung<\/strong> \u2013 geeignet f\u00fcr gr\u00f6\u00dfere Werkst\u00fccke<\/li><li><strong>Im Trommelverfahren<\/strong> \u2013 ideal f\u00fcr kleinere Werkst\u00fccke und Serienfertigungen<\/li><\/ol><p>\u00a0<\/p>    <\/div>\n<\/div><h3 class=\"clearfix qode-title-holder\">\n<span class=\"qode-tab-title\">\n\t\t\t<span class=\"qode-tab-title-icon\">\n\t\t\t\t\t<\/span>\n\t    <span class=\"qode-tab-title-inner\">\n        Beckenma\u00dfe    <\/span>\n<\/span>\n<span class=\"qode-accordion-mark\">\n    <span class=\"qode-accordion-mark-icon\">\n        <span class=\"icon_plus\"><\/span>\n        <span class=\"icon_minus-06\"><\/span>\n    <\/span>\n<\/span>\n<\/h3>\n<div  class=\"qode-accordion-content \" style=\"background-image: url(); padding: 0 100px 31px 50px\">\n    <div class=\"qode-accordion-content-inner\">\n        <p>1290 x 600 mm<\/p>    <\/div>\n<\/div>        <\/div>\n\n        \t\t\t\t<\/div>\n\t\t\t\t<\/div>\n\t\t\t\t<\/div>\n\t\t\t\t<\/div>\n\t\t<div class=\"elementor-element elementor-element-a7cd885 e-flex e-con-boxed parallax_section_no qode_elementor_container_no e-con e-parent\" data-id=\"a7cd885\" data-element_type=\"container\" data-settings=\"{&quot;background_background&quot;:&quot;classic&quot;}\">\n\t\t\t\t\t<div class=\"e-con-inner\">\n\t\t\t\t<div class=\"elementor-element elementor-element-43e17e8 elementor-widget elementor-widget-text-editor\" data-id=\"43e17e8\" data-element_type=\"widget\" data-widget_type=\"text-editor.default\">\n\t\t\t\t<div class=\"elementor-widget-container\">\n\t\t\t\t\t\t\t\t\t<h2><span style=\"color: #ffffff;\">KONTAKTIEREN SIE UNS<\/span><\/h2>\t\t\t\t\t\t\t\t<\/div>\n\t\t\t\t<\/div>\n\t\t\t\t<div class=\"elementor-element elementor-element-7bcc913 elementor-widget elementor-widget-bridge_button_v2\" data-id=\"7bcc913\" data-element_type=\"widget\" data-widget_type=\"bridge_button_v2.default\">\n\t\t\t\t<div class=\"elementor-widget-container\">\n\t\t\t\t\t\n\n\t<a href=\"https:\/\/www.belaj-doo.com\/de\/kontakt\/\" target=\"_self\"  class=\"qode-btn qode-btn-medium qode-btn-solid qode-btn-default-hover\"  >\n\t    <span class=\"qode-btn-text\">KONTAKT<\/span>\t<\/a>\n\n\t\t\t\t<\/div>\n\t\t\t\t<\/div>\n\t\t\t\t\t<\/div>\n\t\t\t\t<\/div>\n\t\t\t\t<\/div>\n\t\t","protected":false},"excerpt":{"rendered":"<p>Br\u00fcnieren Was ist Br\u00fcnieren? Br\u00fcnieren ist ein Verfahren zur Oberfl\u00e4chenbehandlung von Metallteilen, vor allem von Stahl. Dabei wird die Oberfl\u00e4che chemisch geschw\u00e4rzt, um das Metall vor Korrosion zu sch\u00fctzen und ihm ein \u00e4sthetisch matt-schwarzes Aussehen zu geben. Metallteile werden in eine chemische L\u00f6sung getaucht. Die&#8230;<\/p>\n","protected":false},"author":1,"featured_media":0,"parent":0,"menu_order":0,"comment_status":"closed","ping_status":"closed","template":"full_width.php","meta":{"footnotes":""},"class_list":["post-9322","page","type-page","status-publish","hentry"],"yoast_head":"<!-- This site is optimized with the Yoast SEO plugin v25.2 - https:\/\/yoast.com\/wordpress\/plugins\/seo\/ -->\n<title>Bruniranje \u2013 Za\u0161\u010dita Kovin in Estetski Videz | Belaj d.o.o.<\/title>\n<meta name=\"description\" content=\"Bruniranje je kemi\u010dna obdelava kovin za za\u0161\u010dito pred korozijo in estetski videz. Odkrijte prednosti za dalj\u0161o obstojnost in odpornost!\" \/>\n<meta name=\"robots\" content=\"index, follow, max-snippet:-1, max-image-preview:large, max-video-preview:-1\" \/>\n<link rel=\"canonical\" href=\"https:\/\/www.belaj-doo.com\/de\/bruenieren\/\" \/>\n<meta property=\"og:locale\" content=\"de_DE\" \/>\n<meta property=\"og:type\" content=\"article\" \/>\n<meta property=\"og:title\" content=\"Bruniranje \u2013 Za\u0161\u010dita Kovin in Estetski Videz | Belaj d.o.o.\" \/>\n<meta property=\"og:description\" content=\"Bruniranje je kemi\u010dna obdelava kovin za za\u0161\u010dito pred korozijo in estetski videz. Odkrijte prednosti za dalj\u0161o obstojnost in odpornost!\" \/>\n<meta property=\"og:url\" content=\"https:\/\/www.belaj-doo.com\/de\/bruenieren\/\" \/>\n<meta property=\"og:site_name\" content=\"Belaj d.o.o.\" \/>\n<meta property=\"article:modified_time\" content=\"2025-06-09T10:18:37+00:00\" \/>\n<meta property=\"og:image\" content=\"https:\/\/www.belaj-doo.com\/wp-content\/uploads\/2025\/03\/vroce-bruniranje.jpg\" \/>\n<meta name=\"twitter:card\" content=\"summary_large_image\" \/>\n<meta name=\"twitter:label1\" content=\"Gesch\u00e4tzte Lesezeit\" \/>\n\t<meta name=\"twitter:data1\" content=\"2\u00a0Minuten\" \/>\n<script type=\"application\/ld+json\" class=\"yoast-schema-graph\">{\"@context\":\"https:\/\/schema.org\",\"@graph\":[{\"@type\":\"WebPage\",\"@id\":\"https:\/\/www.belaj-doo.com\/de\/bruenieren\/\",\"url\":\"https:\/\/www.belaj-doo.com\/de\/bruenieren\/\",\"name\":\"Bruniranje \u2013 Za\u0161\u010dita Kovin in Estetski Videz | Belaj d.o.o.\",\"isPartOf\":{\"@id\":\"https:\/\/www.belaj-doo.com\/#website\"},\"primaryImageOfPage\":{\"@id\":\"https:\/\/www.belaj-doo.com\/de\/bruenieren\/#primaryimage\"},\"image\":{\"@id\":\"https:\/\/www.belaj-doo.com\/de\/bruenieren\/#primaryimage\"},\"thumbnailUrl\":\"https:\/\/www.belaj-doo.com\/wp-content\/uploads\/2025\/03\/vroce-bruniranje.jpg\",\"datePublished\":\"2025-02-14T16:18:13+00:00\",\"dateModified\":\"2025-06-09T10:18:37+00:00\",\"description\":\"Bruniranje je kemi\u010dna obdelava kovin za za\u0161\u010dito pred korozijo in estetski videz. Odkrijte prednosti za dalj\u0161o obstojnost in odpornost!\",\"breadcrumb\":{\"@id\":\"https:\/\/www.belaj-doo.com\/de\/bruenieren\/#breadcrumb\"},\"inLanguage\":\"de\",\"potentialAction\":[{\"@type\":\"ReadAction\",\"target\":[\"https:\/\/www.belaj-doo.com\/de\/bruenieren\/\"]}]},{\"@type\":\"ImageObject\",\"inLanguage\":\"de\",\"@id\":\"https:\/\/www.belaj-doo.com\/de\/bruenieren\/#primaryimage\",\"url\":\"https:\/\/www.belaj-doo.com\/wp-content\/uploads\/2025\/03\/vroce-bruniranje.jpg\",\"contentUrl\":\"https:\/\/www.belaj-doo.com\/wp-content\/uploads\/2025\/03\/vroce-bruniranje.jpg\"},{\"@type\":\"BreadcrumbList\",\"@id\":\"https:\/\/www.belaj-doo.com\/de\/bruenieren\/#breadcrumb\",\"itemListElement\":[{\"@type\":\"ListItem\",\"position\":1,\"name\":\"Home\",\"item\":\"https:\/\/www.belaj-doo.com\/de\/\"},{\"@type\":\"ListItem\",\"position\":2,\"name\":\"Br\u00fcnieren\"}]},{\"@type\":\"WebSite\",\"@id\":\"https:\/\/www.belaj-doo.com\/#website\",\"url\":\"https:\/\/www.belaj-doo.com\/\",\"name\":\"Belaj d.o.o.\",\"description\":\"Ve\u010d kot 30 let tradicije na podro\u010dju toplotne in povr\u0161inske obdelave jekla\",\"publisher\":{\"@id\":\"https:\/\/www.belaj-doo.com\/#organization\"},\"potentialAction\":[{\"@type\":\"SearchAction\",\"target\":{\"@type\":\"EntryPoint\",\"urlTemplate\":\"https:\/\/www.belaj-doo.com\/?s={search_term_string}\"},\"query-input\":{\"@type\":\"PropertyValueSpecification\",\"valueRequired\":true,\"valueName\":\"search_term_string\"}}],\"inLanguage\":\"de\"},{\"@type\":\"Organization\",\"@id\":\"https:\/\/www.belaj-doo.com\/#organization\",\"name\":\"Belaj d.o.o.\",\"url\":\"https:\/\/www.belaj-doo.com\/\",\"logo\":{\"@type\":\"ImageObject\",\"inLanguage\":\"de\",\"@id\":\"https:\/\/www.belaj-doo.com\/#\/schema\/logo\/image\/\",\"url\":\"https:\/\/www.belaj-doo.com\/wp-content\/uploads\/2025\/01\/cropped-belaj__medium.jpg\",\"contentUrl\":\"https:\/\/www.belaj-doo.com\/wp-content\/uploads\/2025\/01\/cropped-belaj__medium.jpg\",\"width\":512,\"height\":512,\"caption\":\"Belaj d.o.o.\"},\"image\":{\"@id\":\"https:\/\/www.belaj-doo.com\/#\/schema\/logo\/image\/\"}}]}<\/script>\n<!-- \/ Yoast SEO plugin. -->","yoast_head_json":{"title":"Bruniranje \u2013 Za\u0161\u010dita Kovin in Estetski Videz | Belaj d.o.o.","description":"Bruniranje je kemi\u010dna obdelava kovin za za\u0161\u010dito pred korozijo in estetski videz. Odkrijte prednosti za dalj\u0161o obstojnost in odpornost!","robots":{"index":"index","follow":"follow","max-snippet":"max-snippet:-1","max-image-preview":"max-image-preview:large","max-video-preview":"max-video-preview:-1"},"canonical":"https:\/\/www.belaj-doo.com\/de\/bruenieren\/","og_locale":"de_DE","og_type":"article","og_title":"Bruniranje \u2013 Za\u0161\u010dita Kovin in Estetski Videz | Belaj d.o.o.","og_description":"Bruniranje je kemi\u010dna obdelava kovin za za\u0161\u010dito pred korozijo in estetski videz. Odkrijte prednosti za dalj\u0161o obstojnost in odpornost!","og_url":"https:\/\/www.belaj-doo.com\/de\/bruenieren\/","og_site_name":"Belaj d.o.o.","article_modified_time":"2025-06-09T10:18:37+00:00","og_image":[{"url":"https:\/\/www.belaj-doo.com\/wp-content\/uploads\/2025\/03\/vroce-bruniranje.jpg","type":"","width":"","height":""}],"twitter_card":"summary_large_image","twitter_misc":{"Gesch\u00e4tzte Lesezeit":"2\u00a0Minuten"},"schema":{"@context":"https:\/\/schema.org","@graph":[{"@type":"WebPage","@id":"https:\/\/www.belaj-doo.com\/de\/bruenieren\/","url":"https:\/\/www.belaj-doo.com\/de\/bruenieren\/","name":"Bruniranje \u2013 Za\u0161\u010dita Kovin in Estetski Videz | Belaj d.o.o.","isPartOf":{"@id":"https:\/\/www.belaj-doo.com\/#website"},"primaryImageOfPage":{"@id":"https:\/\/www.belaj-doo.com\/de\/bruenieren\/#primaryimage"},"image":{"@id":"https:\/\/www.belaj-doo.com\/de\/bruenieren\/#primaryimage"},"thumbnailUrl":"https:\/\/www.belaj-doo.com\/wp-content\/uploads\/2025\/03\/vroce-bruniranje.jpg","datePublished":"2025-02-14T16:18:13+00:00","dateModified":"2025-06-09T10:18:37+00:00","description":"Bruniranje je kemi\u010dna obdelava kovin za za\u0161\u010dito pred korozijo in estetski videz. Odkrijte prednosti za dalj\u0161o obstojnost in odpornost!","breadcrumb":{"@id":"https:\/\/www.belaj-doo.com\/de\/bruenieren\/#breadcrumb"},"inLanguage":"de","potentialAction":[{"@type":"ReadAction","target":["https:\/\/www.belaj-doo.com\/de\/bruenieren\/"]}]},{"@type":"ImageObject","inLanguage":"de","@id":"https:\/\/www.belaj-doo.com\/de\/bruenieren\/#primaryimage","url":"https:\/\/www.belaj-doo.com\/wp-content\/uploads\/2025\/03\/vroce-bruniranje.jpg","contentUrl":"https:\/\/www.belaj-doo.com\/wp-content\/uploads\/2025\/03\/vroce-bruniranje.jpg"},{"@type":"BreadcrumbList","@id":"https:\/\/www.belaj-doo.com\/de\/bruenieren\/#breadcrumb","itemListElement":[{"@type":"ListItem","position":1,"name":"Home","item":"https:\/\/www.belaj-doo.com\/de\/"},{"@type":"ListItem","position":2,"name":"Br\u00fcnieren"}]},{"@type":"WebSite","@id":"https:\/\/www.belaj-doo.com\/#website","url":"https:\/\/www.belaj-doo.com\/","name":"Belaj d.o.o.","description":"Ve\u010d kot 30 let tradicije na podro\u010dju toplotne in povr\u0161inske obdelave jekla","publisher":{"@id":"https:\/\/www.belaj-doo.com\/#organization"},"potentialAction":[{"@type":"SearchAction","target":{"@type":"EntryPoint","urlTemplate":"https:\/\/www.belaj-doo.com\/?s={search_term_string}"},"query-input":{"@type":"PropertyValueSpecification","valueRequired":true,"valueName":"search_term_string"}}],"inLanguage":"de"},{"@type":"Organization","@id":"https:\/\/www.belaj-doo.com\/#organization","name":"Belaj d.o.o.","url":"https:\/\/www.belaj-doo.com\/","logo":{"@type":"ImageObject","inLanguage":"de","@id":"https:\/\/www.belaj-doo.com\/#\/schema\/logo\/image\/","url":"https:\/\/www.belaj-doo.com\/wp-content\/uploads\/2025\/01\/cropped-belaj__medium.jpg","contentUrl":"https:\/\/www.belaj-doo.com\/wp-content\/uploads\/2025\/01\/cropped-belaj__medium.jpg","width":512,"height":512,"caption":"Belaj d.o.o."},"image":{"@id":"https:\/\/www.belaj-doo.com\/#\/schema\/logo\/image\/"}}]}},"_links":{"self":[{"href":"https:\/\/www.belaj-doo.com\/de\/wp-json\/wp\/v2\/pages\/9322","targetHints":{"allow":["GET"]}}],"collection":[{"href":"https:\/\/www.belaj-doo.com\/de\/wp-json\/wp\/v2\/pages"}],"about":[{"href":"https:\/\/www.belaj-doo.com\/de\/wp-json\/wp\/v2\/types\/page"}],"author":[{"embeddable":true,"href":"https:\/\/www.belaj-doo.com\/de\/wp-json\/wp\/v2\/users\/1"}],"replies":[{"embeddable":true,"href":"https:\/\/www.belaj-doo.com\/de\/wp-json\/wp\/v2\/comments?post=9322"}],"version-history":[{"count":4,"href":"https:\/\/www.belaj-doo.com\/de\/wp-json\/wp\/v2\/pages\/9322\/revisions"}],"predecessor-version":[{"id":9333,"href":"https:\/\/www.belaj-doo.com\/de\/wp-json\/wp\/v2\/pages\/9322\/revisions\/9333"}],"wp:attachment":[{"href":"https:\/\/www.belaj-doo.com\/de\/wp-json\/wp\/v2\/media?parent=9322"}],"curies":[{"name":"wp","href":"https:\/\/api.w.org\/{rel}","templated":true}]}}